{"id":393,"date":"2024-09-06T10:22:30","date_gmt":"2024-09-06T13:22:30","guid":{"rendered":"https:\/\/staging.cwsf-espc.ca\/a-propos-de\/"},"modified":"2025-03-31T20:33:50","modified_gmt":"2025-03-31T23:33:50","slug":"a-propos-de","status":"publish","type":"page","link":"https:\/\/staging.cwsf-espc.ca\/fr\/a-propos-de\/","title":{"rendered":"\u00c0 propos de l&rsquo;ESPC"},"content":{"rendered":"\n<h2 class=\"wp-block-heading\">Le plus grand \u00e9v\u00e9nement STIM pour les jeunes au Canada<\/h2>\n\n\n\n<p>Organis\u00e9e chaque ann\u00e9e par Sciences Jeunesse Canada, l&rsquo;Expo-sciences pancanadienne (ESPC) est le plus grand \u00e9v\u00e9nement en STIM (sciences, technologies, ing\u00e9nierie et math\u00e9matiques) pour les jeunes au Canada. Depuis plus de 60 ans, l&rsquo;ESPC rassemble les jeunes esprits les plus brillants de tout le pays pour leur permettre de pr\u00e9senter leurs recherches et leurs innovations, de concourir pour des prix et de rencontrer des pairs qui partagent leur passion pour la d\u00e9couverte et l&rsquo;innovation.<\/p>\n\n\n\n<h2 class=\"wp-block-heading\">Notre objectif<\/h2>\n\n\n\n<p>L&rsquo;ESPC est plus qu&rsquo;une simple comp\u00e9tition : c&rsquo;est une c\u00e9l\u00e9bration de la curiosit\u00e9, de la cr\u00e9ativit\u00e9 et de la poursuite de la connaissance. L&rsquo;expo offre une plateforme aux jeunes scientifiques pour :<\/p>\n\n\n\n<ul class=\"wp-block-list\">\n<li>pr\u00e9senter des recherches originales et des innovations \u00e0 des experts, des pairs et au public<\/li>\n\n\n\n<li>recevoir une reconnaissance pour leurs r\u00e9alisations dans le domaine des STIM<\/li>\n\n\n\n<li>d&rsquo;entrer en contact avec des pairs de tout le Canada partageant les m\u00eames id\u00e9es<\/li>\n\n\n\n<li>d&rsquo;\u00eatre expos\u00e9s aux possibilit\u00e9s de carri\u00e8re dans les domaines STIM<\/li>\n\n\n\n<li>de r\u00e9aliser des projets de communication et de pr\u00e9sentation<\/li>\n\n\n\n<li>concourir pour des m\u00e9dailles, des prix, des bourses et des opportunit\u00e9s internationales.<\/li>\n<\/ul>\n\n\n\n<h2 class=\"wp-block-heading\">Comment cela fonctionne-t-il ?<\/h2>\n\n\n\n<p>Chaque ann\u00e9e, pr\u00e8s de 400 finalistes de la 7e \u00e0 la 12e ann\u00e9e\/C\u00e9gep sont s\u00e9lectionn\u00e9s par le biais d&rsquo;un r\u00e9seau national de plus de 100 expo-STIM r\u00e9gionales couvrant chaque province et territoire. Ces \u00e9l\u00e8ves exceptionnels ont l&rsquo;occasion de repr\u00e9senter leur r\u00e9gion \u00e0 l&rsquo;ESPC, o\u00f9 ils se disputent pr\u00e8s d&rsquo;un million de dollars en prix, en bourses d&rsquo;\u00e9tudes et en occasions exclusives.<\/p>\n\n\n\n<p>L&rsquo;\u00e9v\u00e9nement, qui dure une semaine, comprend<\/p>\n\n\n\n<ul class=\"wp-block-list\">\n<li>Pr\u00e9sentations de projets et \u00e9valuation des projets<\/li>\n\n\n\n<li>Activit\u00e9s et ateliers STIM interactifs<\/li>\n\n\n\n<li>Visites \u00e9ducatives et \u00e9v\u00e9nements sociaux<\/li>\n\n\n\n<li>Journ\u00e9es d&rsquo;exposition publique<\/li>\n\n\n\n<li>Une prestigieuse c\u00e9r\u00e9monie de remise des prix<\/li>\n<\/ul>\n\n\n\n<h2 class=\"wp-block-heading\">Cat\u00e9gories de projets<\/h2>\n\n\n\n<p>Les projets de l&rsquo;ESPC se r\u00e9partissent en deux cat\u00e9gories :<\/p>\n\n\n\n<p><strong>D\u00e9couverte<\/strong> &#8211; Projets qui utilisent la m\u00e9thode scientifique pour r\u00e9pondre \u00e0 une question par le biais de l&rsquo;investigation et de l&rsquo;exp\u00e9rimentation.<\/p>\n\n\n\n<p><strong>Innovation<\/strong> &#8211; Projets qui r\u00e9solvent des probl\u00e8mes pratiques gr\u00e2ce \u00e0 la conception et \u00e0 l&rsquo;innovation technologiques.<\/p>\n\n\n\n<p>Les projets sont ensuite organis\u00e9s en fonction des cat\u00e9gories du D\u00e9fi Sciences jeunesse Canada, qui abordent des questions importantes auxquelles notre monde est confront\u00e9 aujourd&rsquo;hui, et en fonction des groupes d&rsquo;\u00e2ge (junior, interm\u00e9diaire et senior).<\/p>\n\n\n\n<h2 class=\"wp-block-heading\">Histoire et \u00e9volution<\/h2>\n\n\n\n<p>Depuis sa cr\u00e9ation en 1962, l&rsquo;ESPC a \u00e9volu\u00e9 pour devenir le principal \u00e9v\u00e9nement STIM pour la jeunesse au Canada. L&rsquo;expo a voyag\u00e9 dans des communaut\u00e9s \u00e0 travers le Canada, inspirant des g\u00e9n\u00e9rations de jeunes scientifiques et ing\u00e9nieurs. D&rsquo;anciens et anciens \u00e9l\u00e8ves de l&rsquo;ESPC ont poursuivi une brillante carri\u00e8re dans les domaines de la science, de la m\u00e9decine, de l&rsquo;ing\u00e9nierie et de la technologie, et consid\u00e8rent leur exp\u00e9rience \u00e0 l&rsquo;ESPC comme un moment d\u00e9cisif de leur parcours universitaire et professionnel.<\/p>\n\n\n\n<p><a href=\"\/fr\/histoire\">Plus de renseignements<\/a><\/p>\n\n\n\n<h2 class=\"wp-block-heading\">Une port\u00e9e mondiale<\/h2>\n\n\n\n<p>Les meilleurs projets de l&rsquo;ESPC peuvent \u00eatre s\u00e9lectionn\u00e9s pour repr\u00e9senter le Canada lors de concours internationaux prestigieux, notamment le Concours de l&rsquo;Union europ\u00e9enne pour jeunes scientifiques (EUCYS), l&rsquo;International Science and Engineering Fair (ISEF) de Regeneron et d&rsquo;autres \u00e9v\u00e9nements STIM d&rsquo;envergure mondiale.<\/p>\n\n\n\n<h2 class=\"wp-block-heading\">L&rsquo;exp\u00e9rience ESPC<\/h2>\n\n\n\n<p>Les participants d\u00e9crivent syst\u00e9matiquement l&rsquo;ESPC comme une exp\u00e9rience qui change la vie, qui favorise des amiti\u00e9s durables, qui renforce la confiance en soi et qui ouvre la voie \u00e0 des opportunit\u00e9s futures. Au-del\u00e0 des prix et de la reconnaissance, l&rsquo;ESPC cr\u00e9e une communaut\u00e9 o\u00f9 les jeunes peuvent vivre leur passion pour les STIM et rencontrer d&rsquo;autres personnes qui partagent leur enthousiasme pour la d\u00e9couverte et l&rsquo;innovation.<\/p>\n\n\n\n<p>\u00ab M\u00eame sans les prix, c&rsquo;est l&rsquo;exp\u00e9rience d&rsquo;une vie\u2026 sans exag\u00e9rer\u2026 C&rsquo;EST L&rsquo;EXP\u00c9RIENCE D&rsquo;UNE VIE. Vous rencontrez tellement de gens de tout le Canada\u2026 rencontrez chaque personne que vous pouvez, laissez votre timidit\u00e9 derri\u00e8re vous, et je vous promets que vous aurez des amis avec qui vous resterez en contact toute votre vie. &#8211; Ancien \u00e9l\u00e8ve de l&rsquo;ESPC<\/p>\n\n\n\n<h2 class=\"wp-block-heading\">Rejoindre la Mar\u00e9eMauveSTIM<\/h2>\n\n\n\n<p>L&rsquo;ESPC fait partie de la Mar\u00e9eMauveSTIM, un mouvement national qui c\u00e9l\u00e8bre et unit les jeunes Canadiens qui transforment leur curiosit\u00e9 en action gr\u00e2ce \u00e0 des projets STIM. En participant aux expo STIM r\u00e9gionales et \u00e0 l&rsquo;ESPC, les \u00e9l\u00e8ves s&rsquo;int\u00e8grent \u00e0 cette communaut\u00e9 dynamique de jeunes scientifiques et innovateurs.<\/p>\n\n\n\n<p><a href=\"https:\/\/staging.cwsf-espc.ca\/fr\/a-propos-du-sjc\/\" data-type=\"page\" data-id=\"2642\">Plus de renseignements sur Sciences jeunesse Canada et nos programmes<\/a><\/p>\n","protected":false},"excerpt":{"rendered":"<p>Le plus grand \u00e9v\u00e9nement STIM pour les jeunes au Canada Organis\u00e9e chaque ann\u00e9e par Sciences Jeunesse Canada, l&rsquo;Expo-sciences pancanadienne (ESPC) est le plus grand \u00e9v\u00e9nement en STIM (sciences, technologies, ing\u00e9nierie et math\u00e9matiques) pour les jeunes au Canada. Depuis plus de 60 ans, l&rsquo;ESPC rassemble les jeunes esprits les plus brillants de tout le pays pour [&hellip;]<\/p>\n","protected":false},"author":1,"featured_media":0,"parent":0,"menu_order":22,"comment_status":"closed","ping_status":"closed","template":"","meta":{"_acf_changed":false,"footnotes":""},"editor-preference":[],"class_list":["post-393","page","type-page","status-publish","hentry"],"acf":[],"_links":{"self":[{"href":"https:\/\/staging.cwsf-espc.ca\/fr\/wp-json\/wp\/v2\/pages\/393","targetHints":{"allow":["GET"]}}],"collection":[{"href":"https:\/\/staging.cwsf-espc.ca\/fr\/wp-json\/wp\/v2\/pages"}],"about":[{"href":"https:\/\/staging.cwsf-espc.ca\/fr\/wp-json\/wp\/v2\/types\/page"}],"author":[{"embeddable":true,"href":"https:\/\/staging.cwsf-espc.ca\/fr\/wp-json\/wp\/v2\/users\/1"}],"replies":[{"embeddable":true,"href":"https:\/\/staging.cwsf-espc.ca\/fr\/wp-json\/wp\/v2\/comments?post=393"}],"version-history":[{"count":5,"href":"https:\/\/staging.cwsf-espc.ca\/fr\/wp-json\/wp\/v2\/pages\/393\/revisions"}],"predecessor-version":[{"id":3635,"href":"https:\/\/staging.cwsf-espc.ca\/fr\/wp-json\/wp\/v2\/pages\/393\/revisions\/3635"}],"wp:attachment":[{"href":"https:\/\/staging.cwsf-espc.ca\/fr\/wp-json\/wp\/v2\/media?parent=393"}],"wp:term":[{"taxonomy":"editor-preference","embeddable":true,"href":"https:\/\/staging.cwsf-espc.ca\/fr\/wp-json\/wp\/v2\/editor-preference?post=393"}],"curies":[{"name":"wp","href":"https:\/\/api.w.org\/{rel}","templated":true}]}}