{"id":3850,"date":"2025-04-09T15:08:24","date_gmt":"2025-04-09T18:08:24","guid":{"rendered":"https:\/\/staging.cwsf-espc.ca\/organisateurs-dexpo-regionales\/"},"modified":"2025-04-09T15:13:38","modified_gmt":"2025-04-09T18:13:38","slug":"organisateurs-dexpo-regionales","status":"publish","type":"page","link":"https:\/\/staging.cwsf-espc.ca\/fr\/organisateurs-dexpo-regionales\/","title":{"rendered":"Organisateurs d&rsquo;expo r\u00e9gionales"},"content":{"rendered":"\n<p>Nous vous remercions de votre d\u00e9vouement \u00e0 encourager la curiosit\u00e9 pour les STIM par le biais de vos expo-STIM r\u00e9gionales. En tant qu&rsquo;organisateur r\u00e9gional, vous jouez un r\u00f4le crucial dans le parcours de l&rsquo;expo STIM qui peut mener les \u00e9l\u00e8ves \u00e0 l&rsquo;Expo-Sciences pancanadienne. Cette page vous servira de passerelle vers les ressources sp\u00e9cifiques dont vous avez besoin.  <\/p>\n\n<h2 class=\"wp-block-heading\">Recherche d&rsquo;informations d\u00e9taill\u00e9es<\/h2>\n\n<p>Ce site public de l&rsquo;ESPC s&rsquo;adresse principalement aux visiteurs, aux commanditaires et aux m\u00e9dias. Pour les organisateurs r\u00e9gionaux comme vous, nous fournissons des informations op\u00e9rationnelles plus d\u00e9taill\u00e9es par le biais de ces canaux cl\u00e9s : <\/p>\n\n<h3 class=\"wp-block-heading\">Centre d&rsquo;aide du SJC<\/h3>\n\n<p>Le <a href=\"https:\/\/help.youthscience.ca\/portal\/fr-ca\/kb\">centre d&rsquo;aide du SJC<\/a> est votre centre de ressources complet pour des informations d\u00e9taill\u00e9es sur :<\/p>\n\n<ul class=\"wp-block-list\">\n<li>Processus et d\u00e9lais d&rsquo;inscription \u00e0 l&rsquo;ESPC<\/li>\n\n\n\n<li>Conditions et r\u00e8gles d&rsquo;\u00e9ligibilit\u00e9 des projets<\/li>\n\n\n\n<li>Crit\u00e8res et proc\u00e9dures d&rsquo;\u00e9valuation<\/li>\n\n\n\n<li>Proc\u00e9dures d&rsquo;enregistrement pour le portail de SJC<\/li>\n<\/ul>\n\n<p>Ce centre d&rsquo;aide est divis\u00e9 en informations utiles pour les \u00e9l\u00e8ves et pour vous-m\u00eames en tant qu&rsquo;organisateurs d&rsquo;expo r\u00e9gionales.<\/p>\n\n<h3 class=\"wp-block-heading\">Guides du participant<\/h3>\n\n<p>Des informations pr\u00e9cieuses ont \u00e9t\u00e9 communiqu\u00e9es dans nos guides du participant :<\/p>\n\n<ul class=\"wp-block-list\">\n<li><strong>Guide du finaliste :<\/strong> Contient des informations d\u00e9taill\u00e9es sur l&rsquo;exp\u00e9rience de l&rsquo;ESPC, des conseils de pr\u00e9paration, le processus de jugement et les activit\u00e9s.<\/li>\n\n\n\n<li><strong>Guide des parents\/tuteurs : <\/strong>Fournit aux parents des informations sur le soutien \u00e0 apporter \u00e0 leur enfant dans le cadre de l&rsquo;ESPC.<\/li>\n\n\n\n<li><strong>Guide du d\u00e9l\u00e9gu\u00e9 : <\/strong>Informations essentielles pour les d\u00e9l\u00e9gu\u00e9s r\u00e9gionaux concernant leurs responsabilit\u00e9s et la gestion de l&rsquo;\u00e9v\u00e9nement.<\/li>\n<\/ul>\n\n<p>Ces guides sont disponibles dans le portail de SJC sous la rubrique \u00ab Centre d&rsquo;assistance \u00bb et contiennent des informations importantes que vous voudrez consulter lors de la pr\u00e9paration de vos participants r\u00e9gionaux.<\/p>\n\n<p>En outre, le site web de l&rsquo;ESPC comporte une page d&rsquo;information d\u00e9di\u00e9e aux <a href=\"https:\/\/staging.cwsf-espc.ca\/fr\/parents\/\" data-type=\"page\" data-id=\"1252\">parents et aux partisans(e)s<\/a>, avec des ressources sp\u00e9cifiques pour les parents et les tuteurs des finalistes.<\/p>\n\n<h3 class=\"wp-block-heading\">Portail de SJC<\/h3>\n\n<p>Le <a href=\"https:\/\/portal.youthscience.ca\">portail de SJC<\/a> est l&rsquo;endroit o\u00f9 vous g\u00e9rerez et acc\u00e9derez :<\/p>\n\n<ul class=\"wp-block-list\">\n<li>Inscription des finalistes et des d\u00e9l\u00e9gu\u00e9s \u00e0 l&rsquo;ESPC<\/li>\n\n\n\n<li>Ressources pour les \u00e9l\u00e8ves<\/li>\n\n\n\n<li>Affiliation r\u00e9gionale<\/li>\n<\/ul>\n\n<h3 class=\"wp-block-heading\">Acc\u00e8s au site web de l&rsquo;ESPC<\/h3>\n\n<p>D\u00e9but mai, tous les participants inscrits (finalistes et d\u00e9l\u00e9gu\u00e9s) recevront des espc de connexion pour le site web et l&rsquo;appli de l&rsquo;ESPC. Une fois connect\u00e9s, ils auront acc\u00e8s \u00e0 : <\/p>\n\n<ul class=\"wp-block-list\">\n<li>Informations d\u00e9taill\u00e9es sur l&rsquo;\u00e9v\u00e9nement en personne<\/li>\n\n\n\n<li>Calendrier des \u00e9v\u00e9nements en cours avec les mises \u00e0 jour \u00e9ventuelles<\/li>\n\n\n\n<li>Plans des campus et d\u00e9tails des lieux<\/li>\n\n\n\n<li>Forums de discussion et fonctions communautaires<\/li>\n<\/ul>\n\n<p>Ces informations de connexion sont cruciales pour tous les participants \u00e0 l&rsquo;ESPC. Veuillez vous assurer que les participants de votre r\u00e9gion comprennent qu&rsquo;ils recevront ces informations d&rsquo;identification en mai et qu&rsquo;ils doivent surveiller leur compte courriel pour y acc\u00e9der. <\/p>\n\n<h3 class=\"wp-block-heading\">Se connecter \u00e0 la communaut\u00e9 du r\u00e9seau r\u00e9gional<\/h3>\n\n<p>La communaut\u00e9 du r\u00e9seau r\u00e9gional est une plaque tournante d\u00e9di\u00e9e aux organisateurs d&rsquo;expo-STIM \u00e0 travers le Canada pour se connecter, partager les meilleures pratiques et se soutenir les uns les autres. La communaut\u00e9 du r\u00e9seau r\u00e9gional offre : <\/p>\n\n<ul class=\"wp-block-list\">\n<li>Soutien de pair \u00e0 pair par des organisateurs exp\u00e9riment\u00e9s<\/li>\n\n\n\n<li>Forums pour discuter des d\u00e9fis et des r\u00e9ussites<\/li>\n\n\n\n<li>Partage des ressources des r\u00e9gions du Canada<\/li>\n<\/ul>\n\n<p>Pour vous joindre \u00e0 cette pr\u00e9cieuse communaut\u00e9, demandez une invitation \u00e0 votre coordonnateur r\u00e9gional ou communiquez directement avec Sciences jeunesse Canada.<\/p>\n\n<h2 class=\"wp-block-heading\">Informations sur le contact<\/h2>\n\n<p>Pour des questions sp\u00e9cifiques relatives \u00e0 l&rsquo;organisation d&rsquo;une expo r\u00e9gionale et \u00e0 l&rsquo;ESPC :<\/p>\n\n<p>Courriel : <a href=\"mailto:support@youthscience.ca\">support@youthscience.ca<\/a><\/p>\n\n<p>Nous appr\u00e9cions votre engagement en faveur de l&rsquo;\u00e9ducation scientifique des jeunes et sommes l\u00e0 pour soutenir vos efforts. Merci d&rsquo;encourager la prochaine g\u00e9n\u00e9ration d&rsquo;innovateurs STIM par le biais de votre expo-STIM r\u00e9gionale ! <\/p>\n","protected":false},"excerpt":{"rendered":"<p>Nous vous remercions de votre d\u00e9vouement \u00e0 encourager la curiosit\u00e9 pour les STIM par le biais de vos expo-STIM r\u00e9gionales. En tant qu&rsquo;organisateur r\u00e9gional, vous jouez un r\u00f4le crucial dans le parcours de l&rsquo;expo STIM qui peut mener les \u00e9l\u00e8ves \u00e0 l&rsquo;Expo-Sciences pancanadienne. Cette page vous servira de passerelle vers les ressources sp\u00e9cifiques dont vous [&hellip;]<\/p>\n","protected":false},"author":1,"featured_media":0,"parent":0,"menu_order":10,"comment_status":"closed","ping_status":"closed","template":"","meta":{"_acf_changed":false,"footnotes":""},"editor-preference":[],"class_list":["post-3850","page","type-page","status-publish","hentry"],"acf":[],"_links":{"self":[{"href":"https:\/\/staging.cwsf-espc.ca\/fr\/wp-json\/wp\/v2\/pages\/3850","targetHints":{"allow":["GET"]}}],"collection":[{"href":"https:\/\/staging.cwsf-espc.ca\/fr\/wp-json\/wp\/v2\/pages"}],"about":[{"href":"https:\/\/staging.cwsf-espc.ca\/fr\/wp-json\/wp\/v2\/types\/page"}],"author":[{"embeddable":true,"href":"https:\/\/staging.cwsf-espc.ca\/fr\/wp-json\/wp\/v2\/users\/1"}],"replies":[{"embeddable":true,"href":"https:\/\/staging.cwsf-espc.ca\/fr\/wp-json\/wp\/v2\/comments?post=3850"}],"version-history":[{"count":1,"href":"https:\/\/staging.cwsf-espc.ca\/fr\/wp-json\/wp\/v2\/pages\/3850\/revisions"}],"predecessor-version":[{"id":3851,"href":"https:\/\/staging.cwsf-espc.ca\/fr\/wp-json\/wp\/v2\/pages\/3850\/revisions\/3851"}],"wp:attachment":[{"href":"https:\/\/staging.cwsf-espc.ca\/fr\/wp-json\/wp\/v2\/media?parent=3850"}],"wp:term":[{"taxonomy":"editor-preference","embeddable":true,"href":"https:\/\/staging.cwsf-espc.ca\/fr\/wp-json\/wp\/v2\/editor-preference?post=3850"}],"curies":[{"name":"wp","href":"https:\/\/api.w.org\/{rel}","templated":true}]}}