{"id":2642,"date":"2025-03-03T13:48:53","date_gmt":"2025-03-03T17:48:53","guid":{"rendered":"https:\/\/staging.cwsf-espc.ca\/a-propos-du-sjc\/"},"modified":"2025-03-03T13:57:53","modified_gmt":"2025-03-03T17:57:53","slug":"a-propos-du-sjc","status":"publish","type":"page","link":"https:\/\/staging.cwsf-espc.ca\/fr\/a-propos-du-sjc\/","title":{"rendered":"\u00c0 propos du SJC"},"content":{"rendered":"\n<h2 class=\"wp-block-heading\">Notre organisation<\/h2>\n\n<p>Sciences jeunesse Canada (SJC) est un organisme de bienfaisance national qui a pour mission de stimuler la curiosit\u00e9 des jeunes Canadiens par l&rsquo;entremise de projets en sciences, en technologie, en ing\u00e9nierie et en math\u00e9matiques (STIM). Depuis 1966, nous sommes \u00e0 l&rsquo;avant-garde du d\u00e9veloppement et de la mise en valeur des talents novateurs des jeunes Canadiens. <\/p>\n\n<h2 class=\"wp-block-heading\">Notre vision<\/h2>\n\n<p>Nous envisageons une soci\u00e9t\u00e9 future ancr\u00e9e dans le pouvoir de la curiosit\u00e9, de la communaut\u00e9 et des comp\u00e9tences STIM.<\/p>\n\n<h2 class=\"wp-block-heading\">Notre mission<\/h2>\n\n<p>Donner \u00e0 tous les jeunes Canadiens les moyens d&rsquo;\u00e9veiller leur curiosit\u00e9 en d\u00e9couvrant et en innovant par le biais de projets STIM.<\/p>\n\n<h2 class=\"wp-block-heading\">Notre impact<\/h2>\n\n<ul class=\"wp-block-list\">\n<li><strong>Plus de 500 000<\/strong> \u00e9l\u00e8ves canadiens de la maternelle \u00e0 la 12e ann\u00e9e cr\u00e9ent un projet STIM chaque ann\u00e9e.<\/li>\n\n\n\n<li><strong>Plus de 20 000<\/strong> \u00e9l\u00e8ves pr\u00e9sentent un projet lors d&rsquo;expo r\u00e9gionales.<\/li>\n\n\n\n<li><strong>400 projets<\/strong> d&rsquo;\u00e9l\u00e8ves sont s\u00e9lectionn\u00e9s pour l&rsquo;Expo-sciences pancanadienne.<\/li>\n\n\n\n<li><strong>Plus de 100<\/strong> expo-STIM r\u00e9gionales sont soutenues \u00e0 travers le Canada.<\/li>\n\n\n\n<li>Des <strong>millions<\/strong> de dollars en bourses et en prix sont attribu\u00e9s \u00e0 de jeunes scientifiques.<\/li>\n<\/ul>\n\n<h2 class=\"wp-block-heading\">Nos programmes<\/h2>\n\n<h3 class=\"wp-block-heading\">Expo-sciences pancanadienne (ESPC)<\/h3>\n\n<p>Notre programme phare rassemble les meilleurs jeunes scientifiques du pays pour une semaine de comp\u00e9tition, de c\u00e9l\u00e9bration et de connexion. L&rsquo;ESPC est le plus grand \u00e9v\u00e9nement en STIM jeunes au Canada et met en valeur l&rsquo;incroyable talent et l&rsquo;innovation des \u00e9l\u00e8ves de la 7e \u00e0 la 12e ann\u00e9e\/C\u00e9gep. <\/p>\n\n<h3 class=\"wp-block-heading\">monEspaceSTIM<\/h3>\n\n<p>Une plateforme en ligne qui aide les jeunes \u00e0 r\u00e9aliser et \u00e0 documenter leurs projets STIM. monEspaceSTIM fournit des ressources, des outils et des conseils aux \u00e9l\u00e8ves \u00e0 chaque \u00e9tape de leur projet STIM. <\/p>\n\n<h3 class=\"wp-block-heading\">R\u00e9seau national d&rsquo;expo STIM<\/h3>\n\n<p>Nous coordonnons et soutenons un r\u00e9seau de plus de 100 expo STIM r\u00e9gionales \u00e0 travers le Canada, en veillant \u00e0 ce que les \u00e9l\u00e8ves de tout le pays aient la possibilit\u00e9 de pr\u00e9senter leur travail et de se rendre \u00e9ventuellement \u00e0 l&rsquo;ESPC.<\/p>\n\n<h3 class=\"wp-block-heading\">\u00c9quipe Canada<\/h3>\n\n<p>Nous s\u00e9lectionnons et soutenons les \u00e9l\u00e8ves canadiens qui repr\u00e9sentent notre pays lors de concours et d&rsquo;\u00e9v\u00e9nements STIM internationaux, tels que le Concours de l&rsquo;Union europ\u00e9enne pour jeunes scientifiques (EUCYS) et d&rsquo;autres forums mondiaux.<\/p>\n\n<h3 class=\"wp-block-heading\">L&rsquo;Expo-STIM<\/h3>\n\n<p>Organis\u00e9e conjointement avec l&rsquo;ESPC, l&rsquo;Expo-STIM pr\u00e9sente des expositions et des activit\u00e9s interactives d&rsquo;\u00e9tablissements d&rsquo;enseignement, d&rsquo;entreprises et d&rsquo;organisations, qui inspirent des milliers de visiteurs chaque ann\u00e9e.<\/p>\n\n<h3 class=\"wp-block-heading\">\u00c9ducasciences<\/h3>\n\n<p>Un cadre et des ressources qui aident les enseignants \u00e0 introduire et \u00e0 int\u00e9grer l&rsquo;apprentissage STIM bas\u00e9 sur la recherche dans leurs classes, en encourageant la pens\u00e9e critique et les comp\u00e9tences scientifiques d\u00e8s le plus jeune \u00e2ge.<\/p>\n\n<h3 class=\"wp-block-heading\">Mar\u00e9eMauveSTIM<\/h3>\n\n<p>Un mouvement national qui c\u00e9l\u00e8bre et unit les jeunes Canadiens qui transforment leur curiosit\u00e9 en action par le biais de projets STIM.<\/p>\n\n<h2 class=\"wp-block-heading\">Nos valeurs<\/h2>\n\n<ul class=\"wp-block-list\">\n<li><strong>Curiosit\u00e9<\/strong> &#8211; Nous croyons que poser des questions est le fondement de la d\u00e9couverte et de l&rsquo;innovation.<\/li>\n\n\n\n<li><strong>Inclusivit\u00e9<\/strong> &#8211; Nous veillons \u00e0 ce que tous les jeunes Canadiens aient acc\u00e8s aux possibilit\u00e9s offertes par les STIM.<\/li>\n\n\n\n<li><strong>Excellence<\/strong> &#8211; Nous c\u00e9l\u00e9brons et encourageons les normes \u00e9lev\u00e9es dans l&rsquo;enseignement et les projets STIM.<\/li>\n\n\n\n<li><strong>Communaut\u00e9 <\/strong>&#8211; Nous favorisons les liens entre les jeunes scientifiques, les enseignants et les professionnels des STIM.<\/li>\n\n\n\n<li><strong>Innovation<\/strong> &#8211; Nous encourageons les approches cr\u00e9atives pour r\u00e9soudre les probl\u00e8mes du monde r\u00e9el.<\/li>\n<\/ul>\n\n<h2 class=\"wp-block-heading\">Rejoignez-nous<\/h2>\n\n<p>Il y a de nombreuses fa\u00e7ons de participer \u00e0 Sciences jeunesse Canada :<\/p>\n\n<ul class=\"wp-block-list\">\n<li><strong>Faites du b\u00e9n\u00e9volat<\/strong> lors des expo r\u00e9gionales ou de l&rsquo;ESPC.<\/li>\n\n\n\n<li><strong>Faire un don<\/strong> pour soutenir nos programmes et atteindre plus de jeunes scientifiques<\/li>\n\n\n\n<li><strong>Participer <\/strong>aux expo r\u00e9gionales ou \u00e0 d&rsquo;autres programmes de SJC.<\/li>\n\n\n\n<li><strong>\u00c9tablissez un partenariat<\/strong> avec nous pour promouvoir l&rsquo;enseignement des STIM.<\/li>\n\n\n\n<li><strong>Connectez-vous<\/strong> avec nous sur les m\u00e9dias sociaux<\/li>\n<\/ul>\n\n<p><a href=\"https:\/\/youthscience.ca\/fr\/\">Plus de renseignements sur Sciences jeunesse Canada sur notre site Web principal<\/a><\/p>\n\n<p><\/p>\n","protected":false},"excerpt":{"rendered":"<p>Notre organisation Sciences jeunesse Canada (SJC) est un organisme de bienfaisance national qui a pour mission de stimuler la curiosit\u00e9 des jeunes Canadiens par l&rsquo;entremise de projets en sciences, en technologie, en ing\u00e9nierie et en math\u00e9matiques (STIM). Depuis 1966, nous sommes \u00e0 l&rsquo;avant-garde du d\u00e9veloppement et de la mise en valeur des talents novateurs des [&hellip;]<\/p>\n","protected":false},"author":1,"featured_media":0,"parent":0,"menu_order":19,"comment_status":"closed","ping_status":"closed","template":"","meta":{"_acf_changed":false,"footnotes":""},"editor-preference":[],"class_list":["post-2642","page","type-page","status-publish","hentry"],"acf":[],"_links":{"self":[{"href":"https:\/\/staging.cwsf-espc.ca\/fr\/wp-json\/wp\/v2\/pages\/2642","targetHints":{"allow":["GET"]}}],"collection":[{"href":"https:\/\/staging.cwsf-espc.ca\/fr\/wp-json\/wp\/v2\/pages"}],"about":[{"href":"https:\/\/staging.cwsf-espc.ca\/fr\/wp-json\/wp\/v2\/types\/page"}],"author":[{"embeddable":true,"href":"https:\/\/staging.cwsf-espc.ca\/fr\/wp-json\/wp\/v2\/users\/1"}],"replies":[{"embeddable":true,"href":"https:\/\/staging.cwsf-espc.ca\/fr\/wp-json\/wp\/v2\/comments?post=2642"}],"version-history":[{"count":2,"href":"https:\/\/staging.cwsf-espc.ca\/fr\/wp-json\/wp\/v2\/pages\/2642\/revisions"}],"predecessor-version":[{"id":2645,"href":"https:\/\/staging.cwsf-espc.ca\/fr\/wp-json\/wp\/v2\/pages\/2642\/revisions\/2645"}],"wp:attachment":[{"href":"https:\/\/staging.cwsf-espc.ca\/fr\/wp-json\/wp\/v2\/media?parent=2642"}],"wp:term":[{"taxonomy":"editor-preference","embeddable":true,"href":"https:\/\/staging.cwsf-espc.ca\/fr\/wp-json\/wp\/v2\/editor-preference?post=2642"}],"curies":[{"name":"wp","href":"https:\/\/api.w.org\/{rel}","templated":true}]}}