{"id":1386,"date":"2025-02-02T16:56:22","date_gmt":"2025-02-03T00:56:22","guid":{"rendered":"https:\/\/staging.cwsf-espc.ca\/where-to-stay\/"},"modified":"2025-02-02T16:58:32","modified_gmt":"2025-02-03T00:58:32","slug":"where-to-stay","status":"publish","type":"page","link":"https:\/\/staging.cwsf-espc.ca\/fr\/where-to-stay\/","title":{"rendered":"O\u00f9 s\u00e9journer"},"content":{"rendered":"\n<p>Pour les familles et les sympathisants des finalistes de l&rsquo;ESPC, des exposants de l&rsquo;Expo-STIM ou des commanditaires, nous avons organis\u00e9 des tarifs pr\u00e9f\u00e9rentiels dans deux h\u00f4tels de Fredericton. <\/p>\n\n<p>Les tarifs pr\u00e9f\u00e9rentiels sont accord\u00e9s selon le principe du premier arriv\u00e9, premier servi, dans la limite des disponibilit\u00e9s. <\/p>\n\n<p><\/p>\n\n<p><strong>Delta Fredericton :<\/strong> Tarif 215 $\/nuit<\/p>\n\n<p><a href=\"https:\/\/www.marriott.com\/event-reservations\/reservation-link.mi?id=1728055964060&amp;key=GRP&amp;guestreslink2=true\" target=\"_blank\" rel=\"noreferrer noopener\">R\u00e9servez votre s\u00e9jour au Delta Hotels Fredericton<\/a><\/p>\n\n<p><strong>Ch\u00e2teau Fredericton : <\/strong>165 $\/nuit<\/p>\n\n<p><a href=\"https:\/\/www.wyndhamhotels.com\/en-ca\/trademark\/fredericton-new-brunswick\/chateau-fredericton-trademark-collection\/rooms-rates?brand_id=TQ&amp;checkInDate=6\/2\/2025&amp;checkOutDate=6\/7\/2025&amp;useWRPoints=false&amp;children=0&amp;groupCode=CWSF&amp;adults=1&amp;rooms=1&amp;referringBrand=ALL&amp;loc=ChIJK_uYpAsipEwRtF1Beikv3uc&amp;sessionId=1660762549\" target=\"_blank\" rel=\"noreferrer noopener\">R\u00e9servez votre s\u00e9jour au Ch\u00e2teau Fredericton<\/a><\/p>\n\n<p><\/p>\n","protected":false},"excerpt":{"rendered":"<p>Pour les familles et les sympathisants des finalistes de l&rsquo;ESPC, des exposants de l&rsquo;Expo-STIM ou des commanditaires, nous avons organis\u00e9 des tarifs pr\u00e9f\u00e9rentiels dans deux h\u00f4tels de Fredericton. Les tarifs pr\u00e9f\u00e9rentiels sont accord\u00e9s selon le principe du premier arriv\u00e9, premier servi, dans la limite des disponibilit\u00e9s. Delta Fredericton : Tarif 215 $\/nuit R\u00e9servez votre s\u00e9jour [&hellip;]<\/p>\n","protected":false},"author":1,"featured_media":0,"parent":0,"menu_order":35,"comment_status":"closed","ping_status":"closed","template":"","meta":{"_acf_changed":false,"footnotes":""},"editor-preference":[],"class_list":["post-1386","page","type-page","status-publish","hentry"],"acf":[],"_links":{"self":[{"href":"https:\/\/staging.cwsf-espc.ca\/fr\/wp-json\/wp\/v2\/pages\/1386","targetHints":{"allow":["GET"]}}],"collection":[{"href":"https:\/\/staging.cwsf-espc.ca\/fr\/wp-json\/wp\/v2\/pages"}],"about":[{"href":"https:\/\/staging.cwsf-espc.ca\/fr\/wp-json\/wp\/v2\/types\/page"}],"author":[{"embeddable":true,"href":"https:\/\/staging.cwsf-espc.ca\/fr\/wp-json\/wp\/v2\/users\/1"}],"replies":[{"embeddable":true,"href":"https:\/\/staging.cwsf-espc.ca\/fr\/wp-json\/wp\/v2\/comments?post=1386"}],"version-history":[{"count":2,"href":"https:\/\/staging.cwsf-espc.ca\/fr\/wp-json\/wp\/v2\/pages\/1386\/revisions"}],"predecessor-version":[{"id":1388,"href":"https:\/\/staging.cwsf-espc.ca\/fr\/wp-json\/wp\/v2\/pages\/1386\/revisions\/1388"}],"wp:attachment":[{"href":"https:\/\/staging.cwsf-espc.ca\/fr\/wp-json\/wp\/v2\/media?parent=1386"}],"wp:term":[{"taxonomy":"editor-preference","embeddable":true,"href":"https:\/\/staging.cwsf-espc.ca\/fr\/wp-json\/wp\/v2\/editor-preference?post=1386"}],"curies":[{"name":"wp","href":"https:\/\/api.w.org\/{rel}","templated":true}]}}