{"id":1256,"date":"2025-01-31T11:44:36","date_gmt":"2025-01-31T15:44:36","guid":{"rendered":"https:\/\/staging.cwsf-espc.ca\/parents\/"},"modified":"2025-04-16T12:56:23","modified_gmt":"2025-04-16T15:56:23","slug":"parents","status":"publish","type":"page","link":"https:\/\/staging.cwsf-espc.ca\/fr\/parents\/","title":{"rendered":"Parents et aux partisan(e)s"},"content":{"rendered":"\n<p>Nous sommes ravis et fiers de vous accueillir \u00e0 la 63e Expo-sciences pancanadienne annuelle \u00e0 Fredericton, (Nouveau-Brunswick).<\/p>\n\n<p>En tant que parents, tuteurs et partisans, nous comprenons que vous souhaitiez rester inform\u00e9s de l&rsquo;exp\u00e9rience de votre enfant au cours de cette semaine passionnante. Cette page fournit des Principaux renseignements et ressources pour vous aider \u00e0 soutenir votre finaliste tout au long de son parcours au sein de l&rsquo;ESPC. <\/p>\n\n<h2 class=\"wp-block-heading\">Ressources principales<\/h2>\n\n<h3 class=\"wp-block-heading\">Guide des parents\/tuteurs<\/h3>\n\n<p>Nous avons cr\u00e9\u00e9 un guide complet pour les parents et les tuteurs qui contient des informations importantes sur l&rsquo;\u00e9v\u00e9nement. Il s&rsquo;agit de votre principale ressource pour comprendre l&rsquo;exp\u00e9rience de l&rsquo;ESPC du point de vue des parents. <\/p>\n\n<p>Le guide couvre tous les aspects, depuis la compr\u00e9hension du r\u00f4le des d\u00e9l\u00e9gu\u00e9s et de l&rsquo;\u00e9quipe UV jusqu&rsquo;\u00e0 l&rsquo;accompagnement de votre enfant avant, pendant et apr\u00e8s le salon. Il comprend des d\u00e9tails sur<\/p>\n\n<ul class=\"wp-block-list\">\n<li>Comment rester inform\u00e9 des activit\u00e9s de l&rsquo;ESPC<\/li>\n\n\n\n<li>Lignes directrices pour les visites pendant les jours d&rsquo;ouverture au public<\/li>\n\n\n\n<li>Les \u00e9v\u00e9nements cl\u00e9s du calendrier, y compris la c\u00e9r\u00e9monie de remise des prix et l&rsquo;Expo STIM<\/li>\n\n\n\n<li>R\u00e9ponses aux questions fr\u00e9quemment pos\u00e9es<\/li>\n\n\n\n<li>Comment soutenir votre enfant tout au long de son parcours au sein de l&rsquo;ESPC ?<\/li>\n<\/ul>\n\n<p><a href=\"https:\/\/youthscience.public.doctract.com\/doctract\/documentportal\/08DC665CA9A4923E435C0E5D0EAC0464\">T\u00e9l\u00e9chargez le guide des parents et des tuteurs (PDF)<\/a><\/p>\n\n<h3 class=\"wp-block-heading\">Guide du finaliste<\/h3>\n\n<p>Pour mieux comprendre ce que votre enfant vivra pendant l&rsquo;ESPC, nous vous encourageons \u00e0 consulter \u00e9galement le Guide du finaliste. Ce guide fournit des informations d\u00e9taill\u00e9es sur le programme de l&rsquo;expo, le processus d&rsquo;\u00e9valuation, les exigences en mati\u00e8re de pr\u00e9paration et ce \u00e0 quoi il faut s&rsquo;attendre chaque jour. <\/p>\n\n<p><a href=\"https:\/\/youthscience.public.doctract.com\/doctract\/documentportal\/08DC65A69E901650151677447830AC18\">T\u00e9l\u00e9chargez le guide du finaliste (PDF)<\/a><\/p>\n\n<h2 class=\"wp-block-heading\">Principaux renseignements pour les parents<\/h2>\n\n<h3 class=\"wp-block-heading\">S\u00e9curit\u00e9 et supervision<\/h3>\n\n<ul class=\"wp-block-list\">\n<li>Chaque finaliste devra porter un badge pendant toute la dur\u00e9e de l&rsquo;expo, avec au dos les coordonn\u00e9es des personnes \u00e0 contacter en cas d&rsquo;urgence et les informations m\u00e9dicales pertinentes.<\/li>\n\n\n\n<li>Tous les finalistes et d\u00e9l\u00e9gu\u00e9s seront log\u00e9s sur le campus de l&rsquo;UNB et les repas seront servis \u00e0 la caf\u00e9t\u00e9ria. N&rsquo;oubliez pas de nous indiquer vos besoins alimentaires particuliers sur le formulaire d&rsquo;inscription \u00e0 l&rsquo;ESPC et encouragez votre \u00e9l\u00e8ve \u00e0 en faire part \u00e0 son\/ses d\u00e9l\u00e9gu\u00e9(s) ainsi qu&rsquo;au personnel des services alimentaires lors des \u00e9v\u00e9nements. <\/li>\n\n\n\n<li>Assurez-vous que votre enfant sait que les adultes nomm\u00e9(e)s par l\u2019expo-science de sa r\u00e9gion (les d\u00e9l\u00e9gu\u00e9(e)s) agissent en votre nom, et qu\u2019elle\/il doit faire autoriser toute activit\u00e9 par cet(te) adulte avant de l\u2019entreprendre. Il est essentiel pour la s\u00e9curit\u00e9 et le bien-\u00eatre de votre enfant que les d\u00e9l\u00e9gu\u00e9(e)s remplissent ce r\u00f4le parental \u00e0 l\u2019ESPC. Il est \u00e9galement important que votre enfant reconnaisse l\u2019autorit\u00e9 des d\u00e9l\u00e9gu\u00e9(e)s ainsi que celle des repr\u00e9sentant(e)s de l\u2019ESPC ou des d\u00e9l\u00e9gu\u00e9(e)s nomm\u00e9(e)s, qui assurent un environnement s\u00e9curitaire pour le bien de tous.  <\/li>\n<\/ul>\n\n<h3 class=\"wp-block-heading\">Assiduit\u00e9 \u00e0 la semaine compl\u00e8te<\/h3>\n\n<ul class=\"wp-block-list\">\n<li><strong>Tous les finalistes sont tenus de participer \u00e0 l&rsquo;ensemble de la semaine de l&rsquo;ESPC,<\/strong> du jour de leur arriv\u00e9e au jour de leur d\u00e9part.<\/li>\n\n\n\n<li>Dans les rares cas o\u00f9 des circonstances extraordinaires n\u00e9cessitent un d\u00e9part anticip\u00e9, veuillez contacter le coordinateur de votre expo-STIM r\u00e9gionale pour demander une d\u00e9rogation de voyage. Toutes les d\u00e9rogations de voyage doivent \u00eatre approuv\u00e9es au pr\u00e9alable par le directeur g\u00e9n\u00e9ral de Sciences jeunesse Canada. <\/li>\n\n\n\n<li>En cas d&rsquo;approbation, les d\u00e9parts anticip\u00e9s ne pourront \u00eatre organis\u00e9s qu&rsquo;apr\u00e8s la fin de l&rsquo;exposition publique \u00e0 14h30 le vendredi, afin de permettre aux finalistes de s&rsquo;acquitter de leurs responsabilit\u00e9s en mati\u00e8re de pr\u00e9sentation.<\/li>\n\n\n\n<li>Le fait de quitter les lieux sans autorisation peut entra\u00eener la disqualification du concours.<\/li>\n<\/ul>\n\n<h3 class=\"wp-block-heading\">Possibilit\u00e9s de visite des parents<\/h3>\n\n<ul class=\"wp-block-list\">\n<li>Les parents sont les bienvenus pendant les heures de visites du public, le dimanche (15 h &#8211; 17 h), le jeudi et le vendredi (9 h &#8211; 14 h 30).<\/li>\n\n\n\n<li>Pendant le reste de la semaine, votre finaliste participera \u00e0 un programme complet d&rsquo;activit\u00e9s enrichissantes, de pr\u00e9sentations, de sessions de jugement et d&rsquo;\u00e9v\u00e9nements sociaux con\u00e7us pour maximiser son exp\u00e9rience \u00e0 l&rsquo;ESPC.<\/li>\n\n\n\n<li>En dehors des heures d&rsquo;ouverture au public, les finalistes doivent rester avec leur d\u00e9l\u00e9gation et participer aux activit\u00e9s pr\u00e9vues.<\/li>\n\n\n\n<li>Les parents\/visiteurs qui souhaitent assister \u00e0 la c\u00e9r\u00e9monie de remise des prix doivent se procurer un billet dans le <a href=\"https:\/\/shop.youthscience.ca\/fr\/\">Magasin SJC<\/a> \u00e0 partir du 1er mai.<\/li>\n<\/ul>\n\n<h3 class=\"wp-block-heading\">Communication avant et pendant l&rsquo;ESPC<\/h3>\n\n<ul class=\"wp-block-list\">\n<li>Nous vous recommandons d&rsquo;ajouter votre adresse courriel \u00e0 l&rsquo;inscription de votre enfant (sous Informations suppl\u00e9mentaires sur les finalistes dans le portail de SJC) afin de recevoir les m\u00eames communications avant la foire que celles que nous envoyons \u00e0 votre enfant.<\/li>\n\n\n\n<li>En raison de l&#8217;emploi du temps charg\u00e9, nous vous recommandons de convenir avec votre enfant d&rsquo;un moment pr\u00e9cis pour prendre de ses nouvelles. Ne vous inqui\u00e9tez pas s&rsquo;il met du temps \u00e0 r\u00e9pondre, il est probablement en train de passer un moment incroyable avec de nouveaux amis ! <\/li>\n\n\n\n<li>Les moments importants de l&rsquo;ESPC, tels que la c\u00e9r\u00e9monie de remise des prix et la rencontre avec les laur\u00e9ats, seront diffus\u00e9s en direct sur la cha\u00eene YouTube de Sciences jeunesse Canada.<\/li>\n<\/ul>\n\n<h3 class=\"wp-block-heading\">Soutenir votre finaliste \u00e0 distance<\/h3>\n\n<ul class=\"wp-block-list\">\n<li>Encouragez votre enfant \u00e0 participer pleinement \u00e0 toutes les activit\u00e9s et \u00e0 nouer de nouvelles relations.<\/li>\n\n\n\n<li>N&rsquo;oubliez pas que l&rsquo;exp\u00e9rience de l&rsquo;ESPC ne se limite pas \u00e0 l&rsquo;attribution de prix, mais qu&rsquo;elle est aussi synonyme de croissance, d&rsquo;apprentissage et de communaut\u00e9.<\/li>\n\n\n\n<li>Apr\u00e8s l&rsquo;expo, prenez le temps de c\u00e9l\u00e9brer leur r\u00e9ussite et de discuter de leur exp\u00e9rience.<\/li>\n\n\n\n<li>Faites confiance aux d\u00e9l\u00e9gu\u00e9s et \u00e0 l&rsquo;\u00c9quipe UV pour vous guider et vous soutenir pendant la semaine.<\/li>\n<\/ul>\n\n<h2 class=\"wp-block-heading\">Centre d&rsquo;aide de l&rsquo;ESPC<\/h2>\n\n<p>Pour toute autre question ou pr\u00e9occupation, notre centre d&rsquo;aide fournit des r\u00e9ponses aux questions les plus courantes et des ressources d&rsquo;assistance.<\/p>\n\n<p><a href=\"https:\/\/help.youthscience.ca\/portal\/fr-ca\/kb\">Visitez le centre d&rsquo;aide de l&rsquo;ESPC<\/a><\/p>\n\n<h2 class=\"wp-block-heading\">Tarifs sp\u00e9ciaux pour les h\u00f4tels<\/h2>\n\n<p>Disponible sur la base du premier arriv\u00e9, premier servi.<\/p>\n\n<p>Sciences Jeunesse Canada a obtenu des tarifs pr\u00e9f\u00e9rentiels \u00e0 l&rsquo;h\u00f4tel Les Suites d&rsquo;Ottawa pour les familles des finalistes qui souhaitent visiter l&rsquo;Expo-sciences pancanadienne.<\/p>\n\n<p><a href=\"https:\/\/staging.cwsf-espc.ca\/fr\/where-to-stay\/\">Plus de renseignements sur les possibilit\u00e9s d&rsquo;h\u00e9bergement<\/a><\/p>\n\n<h2 class=\"wp-block-heading\">Garde le contact<\/h2>\n\n<p>Suivez les activit\u00e9s et les faits marquants de l&rsquo;ESPC :<\/p>\n\n<ul class=\"wp-block-list\">\n<li>Facebook: <a href=\"https:\/\/youthscience.ca\/facebook\">@ysc.sjc<\/a><\/li>\n\n\n\n<li>Instagram: <a href=\"https:\/\/youthscience.ca\/instagram\">@ysc.sjc<\/a><\/li>\n\n\n\n<li>BlueSky: <a href=\"https:\/\/youthscience.ca\/bluesky\">@youthscience.ca<\/a><\/li>\n\n\n\n<li>YouTube: <a href=\"https:\/\/youthscience.ca\/youtube\">@YouthScienceCanada<\/a> (o\u00f9 la c\u00e9r\u00e9monie de remise des prix sera retransmise en direct)<\/li>\n<\/ul>\n\n<h2 class=\"wp-block-heading\">Informations sur le contact<\/h2>\n\n<p>Si vous avez des questions qui ne sont pas abord\u00e9es dans nos ressources, veuillez nous contacter \u00e0 l&rsquo;adresse <a href=\"mailto:info@youthscience.ca\">info@youthscience.ca<\/a>.<\/p>\n\n<p>De l\u2019\u00e9v\u00e9nement d\u2019ouverture aux activit\u00e9s en soir\u00e9e, en passant par une journ\u00e9e d\u2019immersion totale, jusqu\u2019\u00e0 la c\u00e9r\u00e9monie de remise des prix et l\u2019\u00e9v\u00e9nement de cl\u00f4ture, nous avons pr\u00e9vu de nombreuses exp\u00e9riences m\u00e9morables pour votre enfant. Encouragez-la ou le \u00e0 s\u2019ouvrir \u00e0 ces exp\u00e9riences et \u00e0 profiter pleinement de la semaine! <\/p>\n\n<p>Nous sommes impatients d\u2019accueillir votre petit(e) scientifique \u00e0 l\u2019ESPC et pr\u00e9voyons de faire de cet \u00e9v\u00e9nement une exp\u00e9rience extraordinaire pour toutes et tous!<\/p>\n\n<p>\u2013 Julia McDevitt, directrice de l\u2019ESPC et de l\u2019\u00c9quipe UV<\/p>\n","protected":false},"excerpt":{"rendered":"<p>Nous sommes ravis et fiers de vous accueillir \u00e0 la 63e Expo-sciences pancanadienne annuelle \u00e0 Fredericton, (Nouveau-Brunswick). En tant que parents, tuteurs et partisans, nous comprenons que vous souhaitiez rester inform\u00e9s de l&rsquo;exp\u00e9rience de votre enfant au cours de cette semaine passionnante. Cette page fournit des Principaux renseignements et ressources pour vous aider \u00e0 soutenir [&hellip;]<\/p>\n","protected":false},"author":1,"featured_media":0,"parent":0,"menu_order":37,"comment_status":"closed","ping_status":"closed","template":"","meta":{"_acf_changed":false,"footnotes":""},"editor-preference":[],"class_list":["post-1256","page","type-page","status-publish","hentry"],"acf":[],"_links":{"self":[{"href":"https:\/\/staging.cwsf-espc.ca\/fr\/wp-json\/wp\/v2\/pages\/1256","targetHints":{"allow":["GET"]}}],"collection":[{"href":"https:\/\/staging.cwsf-espc.ca\/fr\/wp-json\/wp\/v2\/pages"}],"about":[{"href":"https:\/\/staging.cwsf-espc.ca\/fr\/wp-json\/wp\/v2\/types\/page"}],"author":[{"embeddable":true,"href":"https:\/\/staging.cwsf-espc.ca\/fr\/wp-json\/wp\/v2\/users\/1"}],"replies":[{"embeddable":true,"href":"https:\/\/staging.cwsf-espc.ca\/fr\/wp-json\/wp\/v2\/comments?post=1256"}],"version-history":[{"count":9,"href":"https:\/\/staging.cwsf-espc.ca\/fr\/wp-json\/wp\/v2\/pages\/1256\/revisions"}],"predecessor-version":[{"id":4115,"href":"https:\/\/staging.cwsf-espc.ca\/fr\/wp-json\/wp\/v2\/pages\/1256\/revisions\/4115"}],"wp:attachment":[{"href":"https:\/\/staging.cwsf-espc.ca\/fr\/wp-json\/wp\/v2\/media?parent=1256"}],"wp:term":[{"taxonomy":"editor-preference","embeddable":true,"href":"https:\/\/staging.cwsf-espc.ca\/fr\/wp-json\/wp\/v2\/editor-preference?post=1256"}],"curies":[{"name":"wp","href":"https:\/\/api.w.org\/{rel}","templated":true}]}}